{"id":6077,"date":"2024-04-30T16:30:48","date_gmt":"2024-04-30T10:30:48","guid":{"rendered":"https:\/\/www.theinfinite.click\/?page_id=6077"},"modified":"2024-06-28T17:08:02","modified_gmt":"2024-06-28T11:08:02","slug":"blog","status":"publish","type":"page","link":"https:\/\/solutionzone.xyz\/?page_id=6077","title":{"rendered":"Blog"},"content":{"rendered":"<style>.kb-row-layout-id6077_1d02ec-7f > .kt-row-column-wrap{align-content:start;}:where(.kb-row-layout-id6077_1d02ec-7f > .kt-row-column-wrap) > .wp-block-kadence-column{justify-content:start;}.kb-row-layout-id6077_1d02ec-7f > .kt-row-column-wrap{column-gap:var(--global-kb-gap-md, 2rem);row-gap:var(--global-kb-gap-md, 2rem);max-width:var( --global-content-width, 1290px );padding-left:var(--global-content-edge-padding);padding-right:var(--global-content-edge-padding);padding-top:var(--global-kb-spacing-sm, 1.5rem);padding-bottom:var(--global-kb-spacing-sm, 1.5rem);grid-template-columns:minmax(0, 1fr);}.kb-row-layout-id6077_1d02ec-7f > .kt-row-layout-overlay{opacity:0.30;}@media all and (max-width: 1024px){.kb-row-layout-id6077_1d02ec-7f > .kt-row-column-wrap{grid-template-columns:minmax(0, 1fr);}}@media all and (max-width: 767px){.kb-row-layout-id6077_1d02ec-7f > .kt-row-column-wrap{grid-template-columns:minmax(0, 1fr);}}<\/style><div class=\"kb-row-layout-wrap kb-row-layout-id6077_1d02ec-7f alignfull wp-block-kadence-rowlayout\"><div class=\"kt-row-column-wrap kt-has-1-columns kt-row-layout-equal kt-tab-layout-inherit kt-mobile-layout-row kt-row-valign-top kb-theme-content-width\">\n<style>.kadence-column6077_5c5c17-76 > .kt-inside-inner-col,.kadence-column6077_5c5c17-76 > .kt-inside-inner-col:before{border-top-left-radius:0px;border-top-right-radius:0px;border-bottom-right-radius:0px;border-bottom-left-radius:0px;}.kadence-column6077_5c5c17-76 > .kt-inside-inner-col{column-gap:var(--global-kb-gap-sm, 1rem);}.kadence-column6077_5c5c17-76 > .kt-inside-inner-col{flex-direction:column;}.kadence-column6077_5c5c17-76 > .kt-inside-inner-col > .aligncenter{width:100%;}.kadence-column6077_5c5c17-76 > .kt-inside-inner-col:before{opacity:0.3;}.kadence-column6077_5c5c17-76{position:relative;}@media all and (max-width: 1024px){.kadence-column6077_5c5c17-76 > .kt-inside-inner-col{flex-direction:column;}}@media all and (max-width: 767px){.kadence-column6077_5c5c17-76 > .kt-inside-inner-col{flex-direction:column;}}<\/style>\n<div class=\"wp-block-kadence-column kadence-column6077_5c5c17-76\"><div class=\"kt-inside-inner-col\"><style>.kt-post-loop6077_8371f3-22 .kadence-post-image{padding-top:0px;padding-right:0px;padding-bottom:0px;padding-left:0px;}.kt-post-loop6077_8371f3-22.kb-filter-enabled .kt-post-grid-layout-grid-wrap .kt-post-masonry-item{padding-left:15px;padding-right:15px;}.kt-post-loop6077_8371f3-22 .kt-post-grid-layout-masonry-wrap{margin-left:-15px;margin-right:-15px;}.kt-post-loop6077_8371f3-22.kb-filter-enabled .kt-post-grid-layout-grid-wrap .kt-post-masonry-item{padding-bottom:30px;}.kt-post-loop6077_8371f3-22 .kt-post-grid-wrap{gap:30px 30px;}.kt-post-loop6077_8371f3-22 .kt-blocks-post-grid-item{border-top-left-radius:3px;border-top-right-radius:3px;border-bottom-right-radius:3px;border-bottom-left-radius:3px;border-top-color:currentColor;border-top-style:solid;border-right-color:currentColor;border-right-style:solid;border-bottom-color:currentColor;border-bottom-style:solid;border-left-color:currentColor;border-left-style:solid;overflow:hidden;box-shadow:0px 0px 14px -6px rgba(0, 0, 0, 0.2);}.kt-post-loop6077_8371f3-22 .kt-blocks-post-grid-item .kt-blocks-post-grid-item-inner{padding-top:0px;padding-right:30px;padding-bottom:0px;padding-left:30px;}.kt-post-loop6077_8371f3-22 .kt-blocks-post-grid-item header{padding-top:0px;padding-right:15px;padding-bottom:10px;padding-left:15px;margin-top:-30px;margin-right:0px;margin-bottom:0px;margin-left:0px;background-color:#ffffff;}.kt-post-loop6077_8371f3-22 .kt-blocks-post-grid-item .entry-title{padding-top:10px;padding-right:0px;padding-bottom:5px;padding-left:0px;margin-top:0px;margin-right:0px;margin-bottom:0px;margin-left:0px;font-size:20px;line-height:25px;}.kt-post-loop6077_8371f3-22 .entry-content{padding-top:0px;padding-right:15px;padding-bottom:0px;padding-left:15px;margin-top:0px;margin-right:0px;margin-bottom:0px;margin-left:0px;line-height:20px;}.kt-post-loop6077_8371f3-22 .kt-blocks-post-footer{border-top-width:0px;border-right-width:0px;border-bottom-width:0px;border-left-width:0px;padding-top:0px;padding-right:15px;padding-bottom:5px;padding-left:15px;margin-top:0px;margin-right:0px;margin-bottom:0px;margin-left:0px;}.kt-post-loop6077_8371f3-22 .entry-content:after{height:0px;}.kt-post-loop6077_8371f3-22 .entry-content .kt-blocks-post-readmore{background-color:#ffffff;border-color:var(--global-palette1, #3182CE);color:#333333;border-width:1px;border-radius:29px;padding-top:5px;padding-right:16px;padding-bottom:5px;padding-left:16px;margin-top:0px;margin-right:0px;margin-bottom:0px;margin-left:0px;}.kt-post-loop6077_8371f3-22 .entry-content .kt-blocks-post-readmore:hover{color:var(--global-palette1, #3182CE);border-color:var(--global-palette2, #2B6CB0);background-color:var(--global-palette8, #F7FAFC);}.kt-post-loop6077_8371f3-22 .kb-filter-item{border-top-width:0px;border-right-width:0px;border-bottom-width:2px;border-left-width:0px;padding-top:5px;padding-right:8px;padding-bottom:5px;padding-left:8px;margin-top:0px;margin-right:10px;margin-bottom:0px;margin-left:0px;}@media all and (max-width: 1024px){.kt-post-loop6077_8371f3-22 .kt-blocks-post-grid-item{border-top-color:currentColor;border-top-style:solid;border-right-color:currentColor;border-right-style:solid;border-bottom-color:currentColor;border-bottom-style:solid;border-left-color:currentColor;border-left-style:solid;}}@media all and (max-width: 767px){.kt-post-loop6077_8371f3-22 .kt-blocks-post-grid-item{border-top-color:currentColor;border-top-style:solid;border-right-color:currentColor;border-right-style:solid;border-bottom-color:currentColor;border-bottom-style:solid;border-left-color:currentColor;border-left-style:solid;}.kt-post-loop6077_8371f3-22 .kt-blocks-post-grid-item .entry-title{font-size:var(--global-kb-font-size-md, 1.25rem);line-height:20px;}}<\/style><div class=\"wp-block-kadence-postgrid kt-blocks-post-loop-block alignnone kt-post-loop6077_8371f3-22 kt-post-grid-layout-grid kb-filter-enabled\"><div class=\"kb-post-filter-container\"><button class=\"kb-filter-item is-active\" data-filter=\"*\">All<\/button><button class=\"kb-filter-item\" data-filter=\".kb-filter-113\">25<\/button><button class=\"kb-filter-item\" data-filter=\".kb-filter-110\">casino<\/button><button class=\"kb-filter-item\" data-filter=\".kb-filter-111\">casino utan svensk licens<\/button><button class=\"kb-filter-item\" data-filter=\".kb-filter-112\">public<\/button><button class=\"kb-filter-item\" data-filter=\".kb-filter-67\">Subscription<\/button><button class=\"kb-filter-item\" data-filter=\".kb-filter-1\">Uncategorized<\/button><button class=\"kb-filter-item\" data-filter=\".kb-filter-114\">verde \u039a\u03b1\u03b6\u03af\u03bd\u03bf \u039a\u03b9\u03bd\u03b7\u03c4\u03cc<\/button><\/div><div class=\"kt-post-grid-layout-grid-wrap kt-post-grid-wrap\" data-columns-xxl=\"3\" data-columns-xl=\"3\" data-columns-md=\"3\" data-columns-sm=\"2\" data-columns-xs=\"1\" data-columns-ss=\"1\"data-item-selector=\".kt-post-masonry-item\"><div class=\"kt-post-masonry-item kb-filter-112 post-18302 post type-post status-publish format-standard hentry category-public\"><article class=\"kt-blocks-post-grid-item\"><div class=\"kt-blocks-post-grid-item-inner-wrap kt-feat-image-align-none kt-feat-image-mobile-align-top kb-post-footer-bottom-align\"><div class=\"kt-blocks-post-grid-item-inner\"><header><div class=\"kt-blocks-above-categories\"><a href=\"https:\/\/solutionzone.xyz\/?cat=112\" rel=\"category\">public<\/a><\/div><h2 class=\"entry-title\"><a href=\"https:\/\/solutionzone.xyz\/?p=18302\">Die Psychologie des Gl\u00fccksspiels Warum wir unser Geld auf das Spiel setzen<\/a><\/h2><div class=\"kt-blocks-post-top-meta\"><\/div><\/header><div class=\"entry-content\"><div class=\"kt-blocks-post-readmore-wrap\"><a class=\"kt-blocks-post-readmore\" href=\"https:\/\/solutionzone.xyz\/?p=18302\">Read More \u27a1\ufe0f<span class=\"screen-reader-text\"> Die Psychologie des Gl\u00fccksspiels Warum wir unser Geld auf das Spiel setzen<\/span><\/a><\/div><\/div><footer class=\"kt-blocks-post-footer\"><div class=\"kt-blocks-post-footer-left\"><div class=\"kt-blocks-date kt-blocks-post-footer-section\"><time dateTime=\"24 April 2026\" class=\"kt-blocks-post-date\">24 April 2026<\/time><\/div><\/div><div class=\"kt-blocks-post-footer-right\"><div class=\"kt-blocks-author kt-blocks-post-footer-section\"><span class=\"kt-blocks-post-author-inner kt-blocks-css-tool-top\" aria-label=\"Piash Mahmud\"><svg version=\"1.1\" xmlns=\"http:\/\/www.w3.org\/2000\/svg\" width=\"32\" height=\"32\" class=\"kt-blocks-user-svg\" fill=\"currentColor\" viewBox=\"0 0 32 32\"><title>Piash Mahmud<\/title><path d=\"M18 22.082v-1.649c2.203-1.241 4-4.337 4-7.432 0-4.971 0-9-6-9s-6 4.029-6 9c0 3.096 1.797 6.191 4 7.432v1.649c-6.784 0.555-12 3.888-12 7.918h28c0-4.030-5.216-7.364-12-7.918z\"><\/path><\/svg><\/span><\/div><\/div><\/footer><\/div><\/div><\/article><\/div><div class=\"kt-post-masonry-item kb-filter-1 post-18221 post type-post status-publish format-standard hentry category-uncategorized\"><article class=\"kt-blocks-post-grid-item\"><div class=\"kt-blocks-post-grid-item-inner-wrap kt-feat-image-align-none kt-feat-image-mobile-align-top kb-post-footer-bottom-align\"><div class=\"kt-blocks-post-grid-item-inner\"><header><div class=\"kt-blocks-above-categories\"><a href=\"https:\/\/solutionzone.xyz\/?cat=1\" rel=\"category\">Uncategorized<\/a><\/div><h2 class=\"entry-title\"><a href=\"https:\/\/solutionzone.xyz\/?p=18221\">Mostbet BlackFriday: Atraktivn\u00ed nab\u00eddky pro s\u00e1zka\u0159e<\/a><\/h2><div class=\"kt-blocks-post-top-meta\"><\/div><\/header><div class=\"entry-content\"><div class=\"kt-blocks-post-readmore-wrap\"><a class=\"kt-blocks-post-readmore\" href=\"https:\/\/solutionzone.xyz\/?p=18221\">Read More \u27a1\ufe0f<span class=\"screen-reader-text\"> Mostbet BlackFriday: Atraktivn\u00ed nab\u00eddky pro s\u00e1zka\u0159e<\/span><\/a><\/div><\/div><footer class=\"kt-blocks-post-footer\"><div class=\"kt-blocks-post-footer-left\"><div class=\"kt-blocks-date kt-blocks-post-footer-section\"><time dateTime=\"24 April 2026\" class=\"kt-blocks-post-date\">24 April 2026<\/time><\/div><\/div><div class=\"kt-blocks-post-footer-right\"><div class=\"kt-blocks-author kt-blocks-post-footer-section\"><span class=\"kt-blocks-post-author-inner kt-blocks-css-tool-top\" aria-label=\"Piash Mahmud\"><svg version=\"1.1\" xmlns=\"http:\/\/www.w3.org\/2000\/svg\" width=\"32\" height=\"32\" class=\"kt-blocks-user-svg\" fill=\"currentColor\" viewBox=\"0 0 32 32\"><title>Piash Mahmud<\/title><path d=\"M18 22.082v-1.649c2.203-1.241 4-4.337 4-7.432 0-4.971 0-9-6-9s-6 4.029-6 9c0 3.096 1.797 6.191 4 7.432v1.649c-6.784 0.555-12 3.888-12 7.918h28c0-4.030-5.216-7.364-12-7.918z\"><\/path><\/svg><\/span><\/div><\/div><\/footer><\/div><\/div><\/article><\/div><div class=\"kt-post-masonry-item kb-filter-1 post-18216 post type-post status-publish format-standard hentry category-uncategorized\"><article class=\"kt-blocks-post-grid-item\"><div class=\"kt-blocks-post-grid-item-inner-wrap kt-feat-image-align-none kt-feat-image-mobile-align-top kb-post-footer-bottom-align\"><div class=\"kt-blocks-post-grid-item-inner\"><header><div class=\"kt-blocks-above-categories\"><a href=\"https:\/\/solutionzone.xyz\/?cat=1\" rel=\"category\">Uncategorized<\/a><\/div><h2 class=\"entry-title\"><a href=\"https:\/\/solutionzone.xyz\/?p=18216\">Mostbet BlackFriday: Atraktivn\u00ed nab\u00eddky pro s\u00e1zka\u0159e<\/a><\/h2><div class=\"kt-blocks-post-top-meta\"><\/div><\/header><div class=\"entry-content\"><div class=\"kt-blocks-post-readmore-wrap\"><a class=\"kt-blocks-post-readmore\" href=\"https:\/\/solutionzone.xyz\/?p=18216\">Read More \u27a1\ufe0f<span class=\"screen-reader-text\"> Mostbet BlackFriday: Atraktivn\u00ed nab\u00eddky pro s\u00e1zka\u0159e<\/span><\/a><\/div><\/div><footer class=\"kt-blocks-post-footer\"><div class=\"kt-blocks-post-footer-left\"><div class=\"kt-blocks-date kt-blocks-post-footer-section\"><time dateTime=\"24 April 2026\" class=\"kt-blocks-post-date\">24 April 2026<\/time><\/div><\/div><div class=\"kt-blocks-post-footer-right\"><div class=\"kt-blocks-author kt-blocks-post-footer-section\"><span class=\"kt-blocks-post-author-inner kt-blocks-css-tool-top\" aria-label=\"Piash Mahmud\"><svg version=\"1.1\" xmlns=\"http:\/\/www.w3.org\/2000\/svg\" width=\"32\" height=\"32\" class=\"kt-blocks-user-svg\" fill=\"currentColor\" viewBox=\"0 0 32 32\"><title>Piash Mahmud<\/title><path d=\"M18 22.082v-1.649c2.203-1.241 4-4.337 4-7.432 0-4.971 0-9-6-9s-6 4.029-6 9c0 3.096 1.797 6.191 4 7.432v1.649c-6.784 0.555-12 3.888-12 7.918h28c0-4.030-5.216-7.364-12-7.918z\"><\/path><\/svg><\/span><\/div><\/div><\/footer><\/div><\/div><\/article><\/div><div class=\"kt-post-masonry-item kb-filter-1 post-18252 post type-post status-publish format-standard hentry category-uncategorized\"><article class=\"kt-blocks-post-grid-item\"><div class=\"kt-blocks-post-grid-item-inner-wrap kt-feat-image-align-none kt-feat-image-mobile-align-top kb-post-footer-bottom-align\"><div class=\"kt-blocks-post-grid-item-inner\"><header><div class=\"kt-blocks-above-categories\"><a href=\"https:\/\/solutionzone.xyz\/?cat=1\" rel=\"category\">Uncategorized<\/a><\/div><h2 class=\"entry-title\"><a href=\"https:\/\/solutionzone.xyz\/?p=18252\">Migliori casino non AAMS: Opzioni di giochi con dealer dal vivo<\/a><\/h2><div class=\"kt-blocks-post-top-meta\"><\/div><\/header><div class=\"entry-content\"><div class=\"kt-blocks-post-readmore-wrap\"><a class=\"kt-blocks-post-readmore\" href=\"https:\/\/solutionzone.xyz\/?p=18252\">Read More \u27a1\ufe0f<span class=\"screen-reader-text\"> Migliori casino non AAMS: Opzioni di giochi con dealer dal vivo<\/span><\/a><\/div><\/div><footer class=\"kt-blocks-post-footer\"><div class=\"kt-blocks-post-footer-left\"><div class=\"kt-blocks-date kt-blocks-post-footer-section\"><time dateTime=\"24 April 2026\" class=\"kt-blocks-post-date\">24 April 2026<\/time><\/div><\/div><div class=\"kt-blocks-post-footer-right\"><div class=\"kt-blocks-author kt-blocks-post-footer-section\"><span class=\"kt-blocks-post-author-inner kt-blocks-css-tool-top\" aria-label=\"Piash Mahmud\"><svg version=\"1.1\" xmlns=\"http:\/\/www.w3.org\/2000\/svg\" width=\"32\" height=\"32\" class=\"kt-blocks-user-svg\" fill=\"currentColor\" viewBox=\"0 0 32 32\"><title>Piash Mahmud<\/title><path d=\"M18 22.082v-1.649c2.203-1.241 4-4.337 4-7.432 0-4.971 0-9-6-9s-6 4.029-6 9c0 3.096 1.797 6.191 4 7.432v1.649c-6.784 0.555-12 3.888-12 7.918h28c0-4.030-5.216-7.364-12-7.918z\"><\/path><\/svg><\/span><\/div><\/div><\/footer><\/div><\/div><\/article><\/div><div class=\"kt-post-masonry-item kb-filter-1 post-18247 post type-post status-publish format-standard hentry category-uncategorized\"><article class=\"kt-blocks-post-grid-item\"><div class=\"kt-blocks-post-grid-item-inner-wrap kt-feat-image-align-none kt-feat-image-mobile-align-top kb-post-footer-bottom-align\"><div class=\"kt-blocks-post-grid-item-inner\"><header><div class=\"kt-blocks-above-categories\"><a href=\"https:\/\/solutionzone.xyz\/?cat=1\" rel=\"category\">Uncategorized<\/a><\/div><h2 class=\"entry-title\"><a href=\"https:\/\/solutionzone.xyz\/?p=18247\">Migliori casino non AAMS: Opzioni di giochi con dealer dal vivo<\/a><\/h2><div class=\"kt-blocks-post-top-meta\"><\/div><\/header><div class=\"entry-content\"><div class=\"kt-blocks-post-readmore-wrap\"><a class=\"kt-blocks-post-readmore\" href=\"https:\/\/solutionzone.xyz\/?p=18247\">Read More \u27a1\ufe0f<span class=\"screen-reader-text\"> Migliori casino non AAMS: Opzioni di giochi con dealer dal vivo<\/span><\/a><\/div><\/div><footer class=\"kt-blocks-post-footer\"><div class=\"kt-blocks-post-footer-left\"><div class=\"kt-blocks-date kt-blocks-post-footer-section\"><time dateTime=\"24 April 2026\" class=\"kt-blocks-post-date\">24 April 2026<\/time><\/div><\/div><div class=\"kt-blocks-post-footer-right\"><div class=\"kt-blocks-author kt-blocks-post-footer-section\"><span class=\"kt-blocks-post-author-inner kt-blocks-css-tool-top\" aria-label=\"Piash Mahmud\"><svg version=\"1.1\" xmlns=\"http:\/\/www.w3.org\/2000\/svg\" width=\"32\" height=\"32\" class=\"kt-blocks-user-svg\" fill=\"currentColor\" viewBox=\"0 0 32 32\"><title>Piash Mahmud<\/title><path d=\"M18 22.082v-1.649c2.203-1.241 4-4.337 4-7.432 0-4.971 0-9-6-9s-6 4.029-6 9c0 3.096 1.797 6.191 4 7.432v1.649c-6.784 0.555-12 3.888-12 7.918h28c0-4.030-5.216-7.364-12-7.918z\"><\/path><\/svg><\/span><\/div><\/div><\/footer><\/div><\/div><\/article><\/div><div class=\"kt-post-masonry-item kb-filter-1 post-18227 post type-post status-publish format-standard hentry category-uncategorized\"><article class=\"kt-blocks-post-grid-item\"><div class=\"kt-blocks-post-grid-item-inner-wrap kt-feat-image-align-none kt-feat-image-mobile-align-top kb-post-footer-bottom-align\"><div class=\"kt-blocks-post-grid-item-inner\"><header><div class=\"kt-blocks-above-categories\"><a href=\"https:\/\/solutionzone.xyz\/?cat=1\" rel=\"category\">Uncategorized<\/a><\/div><h2 class=\"entry-title\"><a href=\"https:\/\/solutionzone.xyz\/?p=18227\">Mostbet BlackFriday: Atraktivn\u00ed nab\u00eddky pro s\u00e1zka\u0159e<\/a><\/h2><div class=\"kt-blocks-post-top-meta\"><\/div><\/header><div class=\"entry-content\"><div class=\"kt-blocks-post-readmore-wrap\"><a class=\"kt-blocks-post-readmore\" href=\"https:\/\/solutionzone.xyz\/?p=18227\">Read More \u27a1\ufe0f<span class=\"screen-reader-text\"> Mostbet BlackFriday: Atraktivn\u00ed nab\u00eddky pro s\u00e1zka\u0159e<\/span><\/a><\/div><\/div><footer class=\"kt-blocks-post-footer\"><div class=\"kt-blocks-post-footer-left\"><div class=\"kt-blocks-date kt-blocks-post-footer-section\"><time dateTime=\"23 April 2026\" class=\"kt-blocks-post-date\">23 April 2026<\/time><\/div><\/div><div class=\"kt-blocks-post-footer-right\"><div class=\"kt-blocks-author kt-blocks-post-footer-section\"><span class=\"kt-blocks-post-author-inner kt-blocks-css-tool-top\" aria-label=\"Piash Mahmud\"><svg version=\"1.1\" xmlns=\"http:\/\/www.w3.org\/2000\/svg\" width=\"32\" height=\"32\" class=\"kt-blocks-user-svg\" fill=\"currentColor\" viewBox=\"0 0 32 32\"><title>Piash Mahmud<\/title><path d=\"M18 22.082v-1.649c2.203-1.241 4-4.337 4-7.432 0-4.971 0-9-6-9s-6 4.029-6 9c0 3.096 1.797 6.191 4 7.432v1.649c-6.784 0.555-12 3.888-12 7.918h28c0-4.030-5.216-7.364-12-7.918z\"><\/path><\/svg><\/span><\/div><\/div><\/footer><\/div><\/div><\/article><\/div><\/div><\/div><!-- .wp-block-kadence-postgrid --><\/div><\/div>\n\n<\/div><\/div>","protected":false},"excerpt":{"rendered":"","protected":false},"author":2,"featured_media":6763,"parent":0,"menu_order":0,"comment_status":"closed","ping_status":"closed","template":"","meta":{"_kad_blocks_custom_css":"","_kad_blocks_head_custom_js":"","_kad_blocks_body_custom_js":"","_kad_blocks_footer_custom_js":"","_kad_post_transparent":"","_kad_post_title":"hide","_kad_post_layout":"fullwidth","_kad_post_sidebar_id":"","_kad_post_content_style":"unboxed","_kad_post_vertical_padding":"","_kad_post_feature":"","_kad_post_feature_position":"","_kad_post_header":false,"_kad_post_footer":false,"footnotes":""},"class_list":["post-6077","page","type-page","status-publish","has-post-thumbnail","hentry"],"taxonomy_info":[],"featured_image_src_large":["https:\/\/solutionzone.xyz\/wp-content\/uploads\/main-Logo-verticaltni.png",2560,611,false],"author_info":{"display_name":"SuyebAli","author_link":"https:\/\/solutionzone.xyz\/?author=2"},"comment_info":0,"_links":{"self":[{"href":"https:\/\/solutionzone.xyz\/index.php?rest_route=\/wp\/v2\/pages\/6077","targetHints":{"allow":["GET"]}}],"collection":[{"href":"https:\/\/solutionzone.xyz\/index.php?rest_route=\/wp\/v2\/pages"}],"about":[{"href":"https:\/\/solutionzone.xyz\/index.php?rest_route=\/wp\/v2\/types\/page"}],"author":[{"embeddable":true,"href":"https:\/\/solutionzone.xyz\/index.php?rest_route=\/wp\/v2\/users\/2"}],"replies":[{"embeddable":true,"href":"https:\/\/solutionzone.xyz\/index.php?rest_route=%2Fwp%2Fv2%2Fcomments&post=6077"}],"version-history":[{"count":0,"href":"https:\/\/solutionzone.xyz\/index.php?rest_route=\/wp\/v2\/pages\/6077\/revisions"}],"wp:featuredmedia":[{"embeddable":true,"href":"https:\/\/solutionzone.xyz\/index.php?rest_route=\/wp\/v2\/media\/6763"}],"wp:attachment":[{"href":"https:\/\/solutionzone.xyz\/index.php?rest_route=%2Fwp%2Fv2%2Fmedia&parent=6077"}],"curies":[{"name":"wp","href":"https:\/\/api.w.org\/{rel}","templated":true}]}}